{"id":428,"date":"2023-12-20T22:14:32","date_gmt":"2023-12-20T21:14:32","guid":{"rendered":"https:\/\/labsolutions-live.thgeyer.com\/gtc\/"},"modified":"2024-10-28T10:59:47","modified_gmt":"2024-10-28T09:59:47","slug":"gtc","status":"publish","type":"page","link":"https:\/\/labsolutions-live.thgeyer.com\/en\/gtc\/","title":{"rendered":"GTC"},"content":{"rendered":"<p>[et_pb_section fb_built=&#8221;1&#8243; _builder_version=&#8221;4.23.1&#8243; _module_preset=&#8221;default&#8221; global_colors_info=&#8221;{}&#8221;][et_pb_row _builder_version=&#8221;4.23.1&#8243; _module_preset=&#8221;default&#8221; global_colors_info=&#8221;{}&#8221;][et_pb_column type=&#8221;4_4&#8243; _builder_version=&#8221;4.23.1&#8243; _module_preset=&#8221;default&#8221; global_colors_info=&#8221;{}&#8221;][dipi_dual_heading first_heading=&#8221;GENERAL TERMS AND CONDITIONS OF TH. GEYER LABORATORY TRADE FAIR LABSOLUTIONSLIVE &#8221; heading_tag=&#8221;h1&#8243; _builder_version=&#8221;4.23.1&#8243; _module_preset=&#8221;default&#8221; first_heading_font=&#8221;|700|||||||&#8221; first_heading_text_color=&#8221;#cc292b&#8221; first_heading_font_size=&#8221;22px&#8221; text_orientation=&#8221;left&#8221; first_heading_font_size_tablet=&#8221;18px&#8221; first_heading_font_size_phone=&#8221;16px&#8221; first_heading_font_size_last_edited=&#8221;on|phone&#8221; global_colors_info=&#8221;{}&#8221;][\/dipi_dual_heading][et_pb_text admin_label=&#8221;1 &#8211; Allgemeine Vertragsbestimmungen&#8221; _builder_version=&#8221;4.27.2&#8243; _module_preset=&#8221;default&#8221; header_4_line_height=&#8221;1.7em&#8221; hover_enabled=&#8221;0&#8243; global_colors_info=&#8221;{}&#8221; sticky_enabled=&#8221;0&#8243;]<\/p>\n<h3>1. general contractual provisions<\/h3>\n<p>[\/et_pb_text][et_pb_text admin_label=&#8221;Text zu 1 &#8211; Allgemeine Vertragsbestimmungen&#8221; _builder_version=&#8221;4.27.2&#8243; _module_preset=&#8221;default&#8221; header_4_line_height=&#8221;1.7em&#8221; hover_enabled=&#8221;0&#8243; global_colors_info=&#8221;{}&#8221; sticky_enabled=&#8221;0&#8243;]<\/p>\n<p>1.1. Ma\u00dfgebend f\u00fcr das Rechtsverh\u00e4ltnis zwischen dem Teilnehmer (im folgenden \u201eAussteller\u201c genannt) und der Th. Geyer GmbH &amp; Co. KG (im folgenden \u201eTh. Geyer\u201c genannt) sind die nachfolgenden Bedingungen in Kombination mit dem Anmeldeformular. Abweichende Vereinbarungen, Einzelgenehmigungen und Sonderregelungen bed\u00fcrfen der schriftlichen Best\u00e4tigung. Als Schriftform gilt auch eine Best\u00e4tigung per E-Mail.    <\/p>\n<p>1.2. Das Anmeldeformular ist vom Aussteller schriftlich an Th. Geyer zu senden. Als Schriftform gilt auch die Zusendung per E-Mail.   <\/p>\n<p>1.3. Der Aussteller gibt sein Einverst\u00e4ndnis dazu, dass seine Daten zum Zweck der Vertragsdurchf\u00fchrung elektronisch gespeichert und an Dienstleistungspartner von Th. Geyer weitergegeben werden.  <\/p>\n<p>1.4. Vertragsgrundlage f\u00fcr die Teilnahme als Aussteller an den Veranstaltungen sind neben diesen Allgemeinen Gesch\u00e4ftsbedingungen die organisatorischen, technischen und \u00fcbrigen Bestimmungen, die den Ausstellern vor Veranstaltungsbeginn zugehen. Erg\u00e4nzend dazu ist die Hausordnung des Betreibers der jeweiligen Veranstaltungs\u00f6rtlichkeit vom Aussteller zu beachten und einzuhalten.  <\/p>\n<p>1.5. Ein Rechtsanspruch auf Zulassung besteht nicht. <\/p>\n<p>1.6. Alle im Rahmen der Messe digital oder analog erfassten Leads werden ausschlie\u00dflich von Th. Geyer ausgewertet und weiterverfolgt. Der Aussteller verpflichtet sich, die im Rahmen der Veranstaltung analog erfassten Leadb\u00f6gen, unmittelbar nach Messeende an den Veranstalter zu \u00fcbergeben, um die unverz\u00fcgliche Weiterbearbeitung durch Th. Geyer sicherzustellen.    <\/p>\n<p>[\/et_pb_text][et_pb_text _builder_version=&#8221;4.27.2&#8243; _module_preset=&#8221;default&#8221; header_4_line_height=&#8221;1.7em&#8221; global_colors_info=&#8221;{}&#8221;]<\/p>\n<h3>2. floor space and positioning<\/h3>\n<p>2.1. Die Standfl\u00e4che bestimmt sich nach den der Anmeldung zugrunde liegenden Angaben \u201elaufende Tischfl\u00e4che\u201c in Metern. <\/p>\n<p>2.2. Im Bedarfsfalle kann die Standfl\u00e4che auch ohne Tische genutzt werden (z. B. f\u00fcr Sicherheitsschr\u00e4nke). Das Aufstellen einer Werbewand ist m\u00f6glich, wenn sie nicht \u00fcber die gebuchte Standfl\u00e4che hinausragt.  <\/p>\n<p>2.3. Im Standpreis enthalten ist ein 220 V-Stromanschluss. Sonderw\u00fcnsche sind gesondert anzufragen.  <\/p>\n<p>2.4. Die Platzierung erfolgt durch Th. Geyer und darf nur mit dessen Zustimmung ge\u00e4ndert werden.  <\/p>\n<p>2.5. Besondere W\u00fcnsche (z. B. Platzierung, Nachbarschaft, Konkurrenzausschluss, Standgestaltung, etc.) werden nach M\u00f6glichkeit ber\u00fccksichtigt &#8211; ein Anspruch darauf besteht jedoch nicht. <\/p>\n<h3> <\/h3>\n<h3>3. specialist lectures<\/h3>\n<p>3.1. Vom Aussteller kann kostenfrei ein Fachvortrag (kein reiner Produktvortrag) gehalten werden. Es besteht jedoch kein Anrecht darauf. Die Vortragszeiten werden von Th. Geyer nach Verf\u00fcgbarkeit, Thematik und zeitlichem Eingang vergeben.    <\/p>\n<p>3.2. Der Aussteller verpflichtet sich, innerhalb von maximal drei Wochen nach der Veranstaltung, Teilnahmezertifikate f\u00fcr den Vortrag zu erstellen und den Teilnehmern zukommen zu lassen. <\/p>\n<h3> <\/h3>\n<h3>4. compulsory attendance<\/h3>\n<p>4.1. Der Aussteller ist verpflichtet, seinen Stand w\u00e4hrend der gesamten \u00d6ffnungszeiten \u2013 durchgehend \u2013 ge\u00f6ffnet zu halten und zu betreuen. <\/p>\n<p>4.2. Der Aufbau muss bis zur Er\u00f6ffnung der Ausstellung abgeschlossen sein. <\/p>\n<p>4.3. Der Abbau darf erst nach dem offiziellen Ende der Veranstaltung erfolgen und sollte dann innerhalb von ca. 2 Std. vollst\u00e4ndig abgeschlossen sein. <\/p>\n<h3> <\/h3>\n<h3>5. catering<\/h3>\n<p>5.1. In der Regel findet am Vorabend der jeweiligen Fachmesse ein Ausstellerabend statt &#8211; die Teilnahme ist kostenfrei. Der Veranstaltungsort wird rechtzeitig bekanntgegeben. Die vorherige Anmeldung ist zwingend erforderlich.   <\/p>\n<p>5.2. Die Verpflegung am Messetag ist f\u00fcr unsere Aussteller kostenfrei. F\u00fcr das Mittagessen ist die jeweils am Veranstaltungsort g\u00fcltige Regelung ma\u00dfgebend, \u00fcber die der Aussteller rechtzeitig durch Th. Geyer informiert wird.   <\/p>\n<h3> <\/h3>\n<h3>6 Liability and guarding<\/h3>\n<p>6.1. Th. Geyer obliegt keine Obhutpflicht f\u00fcr den Stand und\/oder die Exponate. Diese ist ebenso wie die Gew\u00e4hrleistung der brandschutztechnischen Sicherheit vom Aussteller wahrzunehmen.   <\/p>\n<p>6.2. Th. Geyer haftet weder f\u00fcr Personen- noch f\u00fcr Sachsch\u00e4den. Th. Geyer empfiehlt daher den Abschluss einer eigenen Sach- und Haftpflichtversicherung durch den jeweiligen Aussteller.    <\/p>\n<p>6.3. Alle Standmaterialien m\u00fcssen schwer entflammbar nach DIN 4102-1 mindestens B1 sein. <\/p>\n<p>6.4. Der Aussteller haftet f\u00fcr alle Sch\u00e4den, die durch seine Veranstaltungsbeteiligung gegen\u00fcber Dritten verursacht werden einschlie\u00dflich der Sch\u00e4den in den R\u00e4umlichkeiten und deren Einrichtungen. F\u00fcr die Inhalte von Werbeanzeigen, Prospekten und sonstigen Informationsunterlagen ist ausschlie\u00dflich der Aussteller verantwortlich.  <\/p>\n<h3> <\/h3>\n<h3>7. realization of the event<\/h3>\n<p>7.1. Th. Geyer obliegt die Entscheidung, die Veranstaltung tats\u00e4chlich durchzuf\u00fchren. Demzufolge gilt die Anmeldung des Ausstellers zun\u00e4chst als Vertragsangebot. Der Vertragsschluss kommt erst zustande, wenn Th. Geyer nicht sp\u00e4testens 30 Tage vor Veranstaltungsbeginn die Veranstaltung aus triftigen Gr\u00fcnden abgesagt hat. Ebenso beh\u00e4lt sich Th. Geyer vor, den Veranstaltungsort (Stadt, Veranstaltungsstelle), sowie den Veranstaltungstag, je nach Umstand, bis zu 30 Tage vor der jeweiligen Veranstaltung zu verschieben.       <\/p>\n<p>7.2. Die Veranstaltung kann aufgehoben werden aufgrund h\u00f6herer Gewalt oder anderer nicht von Th. Geyer zu vertretenden Gr\u00fcnden. Dies gilt ebenfalls, wenn Th. Geyer zu der Einsch\u00e4tzung kommt, dass die Zahl der Anmeldungen nicht f\u00fcr eine erfolgreiche Durchf\u00fchrung der Veranstaltung ausreichend erscheint. Die Teilnahmegeb\u00fchr wird dann nicht f\u00e4llig. Weitere Anspr\u00fcche bestehen nicht.      <\/p>\n<h3> <\/h3>\n<h3>8. advertising, marketing, press<\/h3>\n<p>8.1. Werbung ist innerhalb des Standes zul\u00e4ssig. Au\u00dferhalb des Ausstellerstandes \u2013 insbesondere auf Tischen, Wandfl\u00e4chen, in Treppenh\u00e4usern, sowie in den G\u00e4ngen der Ausstellungshallen \u2013 ist Werbung nur in Abstimmung mit Th. Geyer gestattet.   <\/p>\n<p>8.2. Es sind nur Werbema\u00dfnahmen zul\u00e4ssig, die nicht gegen gesetzliche Vorschriften oder die guten Sitten versto\u00dfen, und die keinen weltanschaulichen oder politischen Charakter haben. Optische, sich bewegende und akustische Werbemittel, musikalische Wiedergaben und Produktpr\u00e4sentationen sind unter Einhaltung gesetzlicher\/beh\u00f6rdlicher Bestimmungen erlaubt, soweit andere Aussteller nicht unverh\u00e4ltnism\u00e4\u00dfig beeintr\u00e4chtigt werden. Th. Geyer ist berechtigt, die Ver\u00f6ffentlichung, die Ausgabe und das Zurschaustellen von Werbemitteln, die zur Beanstandung Anlass geben k\u00f6nnen, zu untersagen und vorhandene Best\u00e4nde des Werbematerials f\u00fcr die Dauer der Veranstaltung sicherzustellen.    <\/p>\n<p>8.3. Th. Geyer ist f\u00fcr die Vorbereitung und Durchf\u00fchrung der Veranstaltung berechtigt, den Namen und das Logo des Ausstellers unentgeltlich auf Werbe- und Marketingmaterialien (z.B. Anzeigen, Webseiten) zu nutzen. Der Aussteller ist verpflichtet, Th. Geyer ein Logo in entsprechender Qualit\u00e4t und Anforderung zur Verf\u00fcgung zu stellen.    <\/p>\n<p>8.4. Der Aussteller stimmt zu, dass die auf den Messen fotografierten Bilder (Sach- und Personenaufnahmen) zur Bewerbung der LABSOLUTIONS live genutzt werden d\u00fcrfen. <\/p>\n<h3> <\/h3>\n<h3>9. due date of payments, withdrawal, changes<\/h3>\n<p>9.1. Die vereinbarten Geb\u00fchren (Miete der Ausstellungsfl\u00e4che, Vorauszahlungen f\u00fcr Nebenkosten, Werbema\u00dfnahmen, etc.) sind mit Zugang der Rechnung f\u00e4llig. <\/p>\n<p>9.2. Kosten f\u00fcr An- und Abreise, \u00dcbernachtungen und \u00e4hnliche sind vom Aussteller selbst zu tragen. <\/p>\n<p>9.3. Nach Zulassung ist ein R\u00fccktritt vom Vertrag ganz oder teilweise durch den Aussteller nicht mehr m\u00f6glich. Gleiches gilt f\u00fcr zus\u00e4tzlich vereinbarte weitere Leistungen. Th. Geyer erkl\u00e4rt sich jedoch ausdr\u00fccklich mit einer schriftlichen Aufhebung des Vertrags bis 30 Tage vor Veranstaltungsbeginn gegen Zahlung eines pauschalen Schadensersatzes in H\u00f6he von 50 % der vereinbarten Geb\u00fchren einverstanden. Erfolgt eine Aufhebung des Vertrags sp\u00e4ter als 30 Tage vor Veranstaltungsbeginn, fallen 100 % der vereinbarten Geb\u00fchren an.     <\/p>\n<h3> <\/h3>\n<h3>10 Choice of law and place of jurisdiction<\/h3>\n<p>10.1. Sofern der Aussteller Kaufmann, juristische Person des \u00f6ffentlichen Rechts oder \u00f6ffentlich-rechtliches Sonderverm\u00f6gen ist, ist f\u00fcr alle aus dem Vertragsverh\u00e4ltnis sich mittelbar oder unmittelbar ergebenden Streitigkeiten Gerichtsstand unser Gesch\u00e4ftssitz in Renningen. Dar\u00fcber hinaus sind wir berechtigt, vor dem Gericht zu klagen, das am Sitz des Ausstellers zust\u00e4ndig ist.  <\/p>\n<p>10.2. Das Vertragsverh\u00e4ltnis unterliegt dem Recht der Bundesrepublik Deutschland unter Ausschluss des UN-Kaufrechts. <\/p>\n<h3> <\/h3>\n<h3>11. final provisions<\/h3>\n<p>11.1. M\u00fcndliche Vereinbarungen gelten nur bei schriftlicher Best\u00e4tigung durch Th. Geyer.  <\/p>\n<p>11.2. Sollten einzelne Bestimmungen des Vertrages ganz oder teilweise unwirksam sein, oder sollte der Vertrag eine L\u00fccke enthalten, bleibt die Wirksamkeit der \u00fcbrigen Bestimmungen oder Teile solcher Bestimmungen unber\u00fchrt. Anstelle der unwirksamen oder fehlenden Bestimmungen treten die jeweiligen gesetzlichen Regelungen.  <\/p>\n<p>Status: 01.12.2023<\/p>\n<p>[\/et_pb_text][\/et_pb_column][\/et_pb_row][et_pb_row admin_label=&#8221;BUTTONGRID&#8221; _builder_version=&#8221;4.23.1&#8243; _module_preset=&#8221;default&#8221; custom_margin=&#8221;50px||50px||false|false&#8221; global_module=&#8221;190&#8243; global_colors_info=&#8221;{}&#8221;][et_pb_column type=&#8221;4_4&#8243; _builder_version=&#8221;4.23.1&#8243; _module_preset=&#8221;default&#8221; global_colors_info=&#8221;{}&#8221;][dipi_button_grid flex_direction=&#8221;row&#8221; justify_content_tablet=&#8221;center&#8221; justify_content_phone=&#8221;center&#8221; justify_content_last_edited=&#8221;on|tablet&#8221; _builder_version=&#8221;4.23.1&#8243; _module_preset=&#8221;default&#8221; global_colors_info=&#8221;{}&#8221;][dipi_button_grid_child button_id=&#8221;DIREKT ANMELDEN&#8221; button_type=&#8221;dp_button&#8221; button_text=&#8221;REGISTER DIRECTLY&#8221; button_link=&#8221;@ET-DC@eyJkeW5hbWljIjp0cnVlLCJjb250ZW50IjoicG9zdF9saW5rX3VybF9wYWdlIiwic2V0dGluZ3MiOnsicG9zdF9pZCI6IjY0In19@&#8221; _builder_version=&#8221;4.23.1&#8243; _dynamic_attributes=&#8221;button_link&#8221; _module_preset=&#8221;default&#8221; custom_button=&#8221;on&#8221; button_text_size=&#8221;18px&#8221; button_text_color=&#8221;#FFFFFF&#8221; button_bg_color=&#8221;#cc292b&#8221; button_border_color=&#8221;RGBA(255,255,255,0)&#8221; button_use_icon=&#8221;on&#8221; button_icon=&#8221;&#x35;||divi||400&#8243; button_icon_color=&#8221;#FFFFFF&#8221; global_colors_info=&#8221;{}&#8221; button_bg_color__hover_enabled=&#8221;on|hover&#8221; button_bg_color__hover=&#8221;#cc292b&#8221;][\/dipi_button_grid_child][dipi_button_grid_child button_id=&#8221;ABSAGE&#8221; button_type=&#8221;dp_button&#8221; button_text=&#8221;UNFORTUNATELY WE DO NOT PARTICIPATE&#8221; button_link=&#8221;@ET-DC@eyJkeW5hbWljIjp0cnVlLCJjb250ZW50IjoicG9zdF9saW5rX3VybF9wYWdlIiwic2V0dGluZ3MiOnsicG9zdF9pZCI6IjExNiJ9fQ==@&#8221; _builder_version=&#8221;4.23.1&#8243; _dynamic_attributes=&#8221;button_link&#8221; _module_preset=&#8221;default&#8221; custom_button=&#8221;on&#8221; button_text_size=&#8221;18px&#8221; button_text_color=&#8221;#FFFFFF&#8221; button_bg_color=&#8221;#cc292b&#8221; button_border_color=&#8221;RGBA(255,255,255,0)&#8221; button_use_icon=&#8221;on&#8221; button_icon=&#8221;&#x35;||divi||400&#8243; button_icon_color=&#8221;#FFFFFF&#8221; global_colors_info=&#8221;{}&#8221; button_bg_color__hover_enabled=&#8221;on|hover&#8221; button_bg_color__hover=&#8221;#cc292b&#8221;][\/dipi_button_grid_child][\/dipi_button_grid][\/et_pb_column][\/et_pb_row][\/et_pb_section]<\/p>\n","protected":false},"excerpt":{"rendered":"<p><div class=\"et_pb_module dipi_dual_heading dipi_dual_heading_0\">\n\t\t\t\t\n\t\t\t\t\n\t\t\t\t\n\t\t\t\t\n\t\t\t\t\n\t\t\t\t\n\t\t\t\t<div class=\"et_pb_module_inner\">\n\t\t\t\t\t\n                <div class=\"dipi-dual-heading \">\n                    <h1 class=\"dipi-dh-main\">\n                        <span class=\"dipi-dh-first-heading\">\n                            <span class=\"dipi-dh-animation-container\">\n                                <span class=\"dipi-dh-bg-container\">\n                                    GENERAL TERMS AND CONDITIONS OF TH. GEYER LABORATORY TRADE FAIR LABSOLUTIONSLIVE \n                                <\/span>\n                            <\/span>\n                        <\/span>\n                        <span class=\"dipi-dh-second-heading\">\n                            <span class=\"dipi-dh-animation-container\">\n                                <span class=\"dipi-dh-bg-container\">\n                                    \n                                <\/span>\n                            <\/span>\n                        <\/span>\n                    <\/h1>\n                <\/div>\n\t\t\t\t<\/div>\n\t\t\t<\/div>1. general contractual provisions1.1. Ma\u00dfgebend f\u00fcr das Rechtsverh\u00e4ltnis zwischen dem Teilnehmer (im folgenden \u201eAussteller\u201c genannt) und der Th. Geyer GmbH &amp; Co. KG (im folgenden \u201eTh. Geyer\u201c genannt) sind die nachfolgenden Bedingungen [&hellip;]<\/p>\n","protected":false},"author":1,"featured_media":0,"parent":0,"menu_order":90,"comment_status":"closed","ping_status":"closed","template":"","meta":{"_et_pb_use_builder":"on","_et_pb_old_content":"","_et_gb_content_width":"","footnotes":""},"dipi_cpt_category":[],"class_list":["post-428","page","type-page","status-publish","hentry"],"_links":{"self":[{"href":"https:\/\/labsolutions-live.thgeyer.com\/en\/wp-json\/wp\/v2\/pages\/428","targetHints":{"allow":["GET"]}}],"collection":[{"href":"https:\/\/labsolutions-live.thgeyer.com\/en\/wp-json\/wp\/v2\/pages"}],"about":[{"href":"https:\/\/labsolutions-live.thgeyer.com\/en\/wp-json\/wp\/v2\/types\/page"}],"author":[{"embeddable":true,"href":"https:\/\/labsolutions-live.thgeyer.com\/en\/wp-json\/wp\/v2\/users\/1"}],"replies":[{"embeddable":true,"href":"https:\/\/labsolutions-live.thgeyer.com\/en\/wp-json\/wp\/v2\/comments?post=428"}],"version-history":[{"count":10,"href":"https:\/\/labsolutions-live.thgeyer.com\/en\/wp-json\/wp\/v2\/pages\/428\/revisions"}],"predecessor-version":[{"id":559,"href":"https:\/\/labsolutions-live.thgeyer.com\/en\/wp-json\/wp\/v2\/pages\/428\/revisions\/559"}],"wp:attachment":[{"href":"https:\/\/labsolutions-live.thgeyer.com\/en\/wp-json\/wp\/v2\/media?parent=428"}],"wp:term":[{"taxonomy":"dipi_cpt_category","embeddable":true,"href":"https:\/\/labsolutions-live.thgeyer.com\/en\/wp-json\/wp\/v2\/dipi_cpt_category?post=428"}],"curies":[{"name":"wp","href":"https:\/\/api.w.org\/{rel}","templated":true}]}}